{"id":493,"date":"2024-06-14T21:16:46","date_gmt":"2024-06-14T19:16:46","guid":{"rendered":"https:\/\/mccarthysirishpub.ch\/bern\/?page_id=493"},"modified":"2026-05-12T14:24:56","modified_gmt":"2026-05-12T12:24:56","slug":"light-bites-2","status":"publish","type":"page","link":"https:\/\/mccarthysirishpub.ch\/bern\/our-selection\/light-bites-2\/","title":{"rendered":"LIGHT BITES"},"content":{"rendered":"\t\t<div data-elementor-type=\"wp-page\" data-elementor-id=\"493\" class=\"elementor elementor-493\" data-elementor-post-type=\"page\">\n\t\t\t\t\t\t<section class=\"elementor-section elementor-top-section elementor-element elementor-element-2216439 elementor-section-height-min-height elementor-section-boxed elementor-section-height-default elementor-section-items-middle\" data-id=\"2216439\" data-element_type=\"section\" data-e-type=\"section\" data-settings=\"{&quot;background_background&quot;:&quot;classic&quot;}\">\n\t\t\t\t\t\t\t<div class=\"elementor-background-overlay\"><\/div>\n\t\t\t\t\t\t\t<div class=\"elementor-container elementor-column-gap-default\">\n\t\t\t\t\t<div class=\"elementor-column elementor-col-100 elementor-top-column elementor-element elementor-element-2cc02d2\" data-id=\"2cc02d2\" data-element_type=\"column\" data-e-type=\"column\">\n\t\t\t<div class=\"elementor-widget-wrap elementor-element-populated\">\n\t\t\t\t\t\t<div class=\"elementor-element elementor-element-024b9ed elementor-widget-divider--view-line elementor-widget elementor-widget-divider\" data-id=\"024b9ed\" data-element_type=\"widget\" data-e-type=\"widget\" data-widget_type=\"divider.default\">\n\t\t\t\t\t\t\t<div class=\"elementor-divider\">\n\t\t\t<span class=\"elementor-divider-separator\">\n\t\t\t\t\t\t<\/span>\n\t\t<\/div>\n\t\t\t\t\t\t<\/div>\n\t\t\t\t<div class=\"elementor-element elementor-element-3650c8a elementor-invisible elementor-widget elementor-widget-global elementor-global-1304 elementor-widget-ucaddon_dropdown_button\" data-id=\"3650c8a\" data-element_type=\"widget\" data-e-type=\"widget\" data-settings=\"{&quot;sticky&quot;:&quot;top&quot;,&quot;sticky_offset&quot;:86,&quot;_animation&quot;:&quot;fadeInUp&quot;,&quot;sticky_on&quot;:[&quot;desktop&quot;,&quot;tablet&quot;,&quot;mobile&quot;],&quot;sticky_effects_offset&quot;:0,&quot;sticky_anchor_link_offset&quot;:0}\" data-widget_type=\"ucaddon_dropdown_button.default\">\n\t\t\t\t<div class=\"elementor-widget-container\">\n\t\t\t\t\t\n<!-- start Dropdown Button -->\n\t\t<link id='font-awesome-css' href='https:\/\/mccarthysirishpub.ch\/bern\/wp-content\/plugins\/unlimited-elements-for-elementor-premium\/assets_libraries\/font-awesome6\/fontawesome-all.min.css' type='text\/css' rel='stylesheet' >\n\t\t<link id='font-awesome-4-shim-css' href='https:\/\/mccarthysirishpub.ch\/bern\/wp-content\/plugins\/unlimited-elements-for-elementor-premium\/assets_libraries\/font-awesome6\/fontawesome-v4-shims.min.css' type='text\/css' rel='stylesheet' >\n\n<style>\/* widget: Dropdown Button *\/\n\n#uc_dropdown_button_elementor_3650c8a {\n  display:flex;\n  align-items: center;\n}\n\n#uc_dropdown_button_elementor_3650c8a .ca_btn_container{\n  position: relative;\n  display: inline-block;\n}\n\n#uc_dropdown_button_elementor_3650c8a .ca_btn {\n  display:inline-flex;\n  align-items: center;\n  box-sizing: border-box;\n  overflow: hidden;\n  cursor: pointer;\n}\n\n#uc_dropdown_button_elementor_3650c8a .ca_btn .ca_dropdown {\n  width:100%;\n  margin: 0;\n  padding: 0;\n  transform: translate(-50%, 25px);\n  position: absolute;\n  top: 100%;\n  left:50%;\n  text-align: left;\n  opacity: 0;\n  visibility: hidden;\n  z-index:9999;\n  overflow: hidden;\n  display: flex;\n  flex-direction: column;\n}\n\n#uc_dropdown_button_elementor_3650c8a .ca_btn.ue_active_drop .ca_dropdown {\n  left:50%;\n  transform: translate(-50%, 8px);\n  opacity: 1;\n  visibility: visible;\n  transition-delay: 0ms;\n}\n\n\n#uc_dropdown_button_elementor_3650c8a .ca_btn .ca_dropdown li {\n  z-index: 1;\n  position: relative;\n  margin: 0;\n  list-style: none;\n  margin: 0;\n  display: inline;\n}\n\n#uc_dropdown_button_elementor_3650c8a .ca_btn .ca_dropdown li:last-child a {\n  border-bottom: 0;\n}\n\n#uc_dropdown_button_elementor_3650c8a .ca_btn .ca_dropdown a {\n  transition:300ms;\n  display: flex;\n  align-content: center;\n  align-items: center;\n  border-bottom-style: solid;\n  white-space: pre-line;\n  text-decoration: none;\n}\n\n#uc_dropdown_button_elementor_3650c8a .ca_dropdown i{\n  transition:300ms;\n}\n\n@media only screen and (max-width: 767px) {...}\n\n<\/style>\n\n<div id=\"uc_dropdown_button_elementor_3650c8a\" class=\"ca_btn_wrapper \" >\n  <div class=\"ca_btn_container\">\n    <button class=\"ca_btn\" ><i class='fas fa-angle-down'><\/i><span class=\"ue-btn-text\">Browse food<\/span>\n      <ul class=\"ca_dropdown uc-items-wrapper \">\n           <li class=\"ca_dropdown_item elementor-repeater-item-9233974 \"><a href=\"\/bern\/our-selection\/salads-2\/\" ><i class='fas fa-hamburger'><\/i>Salads<\/a><\/li>\n\n  <li class=\"ca_dropdown_item elementor-repeater-item-4df9ab9 \"><a href=\"\/bern\/our-selection\/burgers\/\" ><i class='fas fa-hamburger'><\/i>Burgers<\/a><\/li>\n\n  <li class=\"ca_dropdown_item elementor-repeater-item-efe8385 \"><a href=\"\/bern\/our-selection\/classic\/\" ><i class='fas fa-hamburger'><\/i>Classic<\/a><\/li>\n\n  <li class=\"ca_dropdown_item elementor-repeater-item-ebd7009 \"><a href=\"\/bern\/our-selection\/desserts\/\" ><i class='fas fa-hamburger'><\/i>Desserts<\/a><\/li>\n\n  <li class=\"ca_dropdown_item elementor-repeater-item-d0ae093 \"><a href=\"\/bern\/our-selection\/light-bites-2\/\" ><i class='fas fa-hamburger'><\/i>Light bites<\/a><\/li>\n\n  <li class=\"ca_dropdown_item elementor-repeater-item-164e430 \"><a href=\"\/bern\/our-drinks\/\" ><i class='fas fa-beer'><\/i>Our drinks<\/a><\/li>\n\n\n      <\/ul>\n    <\/button>\n  <\/div>\n<\/div>\n<!-- end Dropdown Button -->\t\t\t\t<\/div>\n\t\t\t\t<\/div>\n\t\t\t\t<div class=\"elementor-element elementor-element-1dec00e elementor-align-center elementor-fixed elementor-widget elementor-widget-button\" data-id=\"1dec00e\" data-element_type=\"widget\" data-e-type=\"widget\" data-settings=\"{&quot;_position&quot;:&quot;fixed&quot;}\" data-widget_type=\"button.default\">\n\t\t\t\t\t\t\t\t\t\t<a class=\"elementor-button elementor-button-link elementor-size-sm\" href=\"\/bern\/our-drinks\/\">\n\t\t\t\t\t\t<span class=\"elementor-button-content-wrapper\">\n\t\t\t\t\t\t\t\t\t<span class=\"elementor-button-text\">Do you want a drink?<\/span>\n\t\t\t\t\t<\/span>\n\t\t\t\t\t<\/a>\n\t\t\t\t\t\t\t\t<\/div>\n\t\t\t\t\t<\/div>\n\t\t<\/div>\n\t\t\t\t\t<\/div>\n\t\t<\/section>\n\t\t\t\t<section class=\"elementor-section elementor-top-section elementor-element elementor-element-e9fc207 elementor-section-content-middle elementor-section-boxed elementor-section-height-default elementor-section-height-default\" data-id=\"e9fc207\" data-element_type=\"section\" data-e-type=\"section\" data-settings=\"{&quot;background_background&quot;:&quot;classic&quot;}\">\n\t\t\t\t\t\t<div class=\"elementor-container elementor-column-gap-default\">\n\t\t\t\t\t<div class=\"elementor-column elementor-col-100 elementor-top-column elementor-element elementor-element-4b1453e\" data-id=\"4b1453e\" data-element_type=\"column\" data-e-type=\"column\">\n\t\t\t<div class=\"elementor-widget-wrap elementor-element-populated\">\n\t\t\t\t\t\t<div class=\"elementor-element elementor-element-40acaab elementor-widget elementor-widget-ucaddon_price_list\" data-id=\"40acaab\" data-element_type=\"widget\" data-e-type=\"widget\" data-widget_type=\"ucaddon_price_list.default\">\n\t\t\t\t<div class=\"elementor-widget-container\">\n\t\t\t\t\t\n<!-- start Price List -->\n<style>\/* widget: Price List *\/\n\n\n\n#uc_price_list_elementor_40acaab  *{\n\tbox-sizing:border-box;\n}\n\n#uc_price_list_elementor_40acaab li\n{\n  list-style:none;\n}\n\n#uc_price_list_elementor_40acaab .menu-list\n{\n  padding: 0px;\n  display:grid;\n}\n\n#uc_price_list_elementor_40acaab .menu-img{\n\tflex-grow:0;\n    flex-shrink:0;\n    display:flex;\n    overflow:hidden;\n}\n\n#uc_price_list_elementor_40acaab .menu-img img\n{\n  width:100%;\n  display:block;\n  transition:0.3s;\n}\n\n\n\t\n\n\n#uc_price_list_elementor_40acaab .ue_price_list_item{\n\tdisplay: flex;\n    overflow:hidden;\n   \n}\n\n#uc_price_list_elementor_40acaab .menu-items:last-child\n{\n  border-bottom:none;\n}\n\n\n#uc_price_list_elementor_40acaab .menu-wrappertitle{\n\tdisplay: flex;\n\talign-items:center;\n\t\n}\n\n#uc_price_list_elementor_40acaab .menu-wrapperall{\n\tflex-grow:1;\n\n}\n\n\n\n\n#uc_price_list_elementor_40acaab .menu-text-separator{\n\t\n\talign-self: center;\n    flex-grow:1;\n}\n\n#uc_price_list_elementor_40acaab .ue_price_list_seperator\n{\n\tborder-top-width: 0;\n\tborder-right-width: 0;\n\tborder-left-width: 0;\n}\n\n#uc_price_list_elementor_40acaab .menu-text {\n}\n\n#uc_price_list_elementor_40acaab .menu-price{\n\t\n\tflex-grow:0;\n    flex-shrink:0;\n    display: flex;\n    justify-content: center;\n    align-content: center;\n    flex-direction: column;\n}\n\n\n#uc_price_list_elementor_40acaab .menu-title{\n}\n\n\n#uc_price_list_elementor_40acaab .menu-wrapperall\n{\n  display:flex;\n  width:100%;\n}\n\n#uc_price_list_elementor_40acaab .menu-wrappermidlle\n{\n  width:100%;\n}\n\n\n#uc_price_list_elementor_40acaab .ue_price_list_image_spacing\n{\n   flex-grow:0;\n    flex-shrink:0;\n}\n\n#uc_price_list_elementor_40acaab li.menu-items:last-child .ue_price_list_item_seperator\n{\n  display:none;\n}\n\n#uc_price_list_elementor_40acaab .ue_price_list_badge\n{\n  display:inline-block;\n}\n\n.ue_price_list_badge\n{\n  font-size:10px;\n}\n\n#uc_price_list_elementor_40acaab a\n{\n  text-decoration:none;\n}\n\n#uc_price_list_elementor_40acaab .menu-price-spacing\n{\n  flex-grow:0;\n    flex-shrink:0;\n}\n\n\n\n\n<\/style>\n\n<div id=\"uc_price_list_elementor_40acaab\" class=\"\" >\n\t<ul class=\"menu-list uc-items-wrapper\">\n\t\t<li class=\"menu-items\"> \n    <div class=\"ue_price_list_item\">\n  \t\n\t\t\t\n\n\t\t\t\n\t\t<div class=\"menu-wrapperall\">\n\t\t\t<div class=\"menu-wrappermidlle\">\n                \n              \t\t\t\t<div class=\"menu-wrappertitle\"> \n\t\t\t\t<div class=\"menu-title\"> CHEESY R\u00d6STI FRIES <\/div>\n                  <div class=\"menu-text-separator\">\n                    <div class=\"ue_price_list_seperator\"><\/div>                  <\/div>\n\t\t\t\t  <div class=\"menu-price-spacing\"><\/div><div class=\"menu-price\">CHF 14.00<\/div>\t\t\t<\/div>\n              \n              \n\t\t\t<div class=\"menu-text\"> R\u00f6sti-Pommes mit Tr\u00fcffelk\u00e4se\n <\/div>\n\t\t\t<\/div>\n            \n            \t\t<\/div>\n  <\/div>\n    \n<\/li>\n<li class=\"menu-items\"> \n    <div class=\"ue_price_list_item\">\n  \t\n\t\t\t\n\n\t\t\t\n\t\t<div class=\"menu-wrapperall\">\n\t\t\t<div class=\"menu-wrappermidlle\">\n                \n              \t\t\t\t<div class=\"menu-wrappertitle\"> \n\t\t\t\t<div class=\"menu-title\"> CHICKEN WINGS <\/div>\n                  <div class=\"menu-text-separator\">\n                    <div class=\"ue_price_list_seperator\"><\/div>                  <\/div>\n\t\t\t\t  <div class=\"menu-price-spacing\"><\/div><div class=\"menu-price\">6 wings CHF 12<\/div>\t\t\t<\/div>\n              \n              \n\t\t\t<div class=\"menu-text\"> Choose a sauce:<br>\nHomemade Buffalo or BBQ<br>\n\n12 wings CHF 20<br>\n18 wings CHF 30\n <\/div>\n\t\t\t<\/div>\n            \n            \t\t<\/div>\n  <\/div>\n    \n<\/li>\n<li class=\"menu-items\"> \n    <div class=\"ue_price_list_item\">\n  \t\n\t\t\t\n\n\t\t\t\n\t\t<div class=\"menu-wrapperall\">\n\t\t\t<div class=\"menu-wrappermidlle\">\n                \n              \t\t\t\t<div class=\"menu-wrappertitle\"> \n\t\t\t\t<div class=\"menu-title\"> CAULIFLOWER WINGS <\/div>\n                  <div class=\"menu-text-separator\">\n                    <div class=\"ue_price_list_seperator\"><\/div>                  <\/div>\n\t\t\t\t  <div class=\"menu-price-spacing\"><\/div><div class=\"menu-price\">CHF 13.00<\/div>\t\t\t<\/div>\n              \n              \n\t\t\t<div class=\"menu-text\"> Choose a sauce:\nHomemade buffalo or BBQ\n<hr>\nBlumenkohl-Fl\u00fcgeli im Biertieg <\/div>\n\t\t\t<\/div>\n            \n            \t\t<\/div>\n  <\/div>\n    \n<\/li>\n<li class=\"menu-items\"> \n    <div class=\"ue_price_list_item\">\n  \t\n\t\t\t\n\n\t\t\t\n\t\t<div class=\"menu-wrapperall\">\n\t\t\t<div class=\"menu-wrappermidlle\">\n                \n              \t\t\t\t<div class=\"menu-wrappertitle\"> \n\t\t\t\t<div class=\"menu-title\"> Halloumi Fries <\/div>\n                  <div class=\"menu-text-separator\">\n                    <div class=\"ue_price_list_seperator\"><\/div>                  <\/div>\n\t\t\t\t  <div class=\"menu-price-spacing\"><\/div><div class=\"menu-price\">CHF 13.00<\/div>\t\t\t<\/div>\n              \n              \n\t\t\t<div class=\"menu-text\"> Spicy sour cream dip\n<hr>\nScharfer Sauerrahm-Dip <\/div>\n\t\t\t<\/div>\n            \n            \t\t<\/div>\n  <\/div>\n    \n<\/li>\n<li class=\"menu-items\"> \n    <div class=\"ue_price_list_item\">\n  \t\n\t\t\t\n\n\t\t\t\n\t\t<div class=\"menu-wrapperall\">\n\t\t\t<div class=\"menu-wrappermidlle\">\n                \n              \t\t\t\t<div class=\"menu-wrappertitle\"> \n\t\t\t\t<div class=\"menu-title\"> BUTTERMILK CHICKEN STRIPS <\/div>\n                  <div class=\"menu-text-separator\">\n                    <div class=\"ue_price_list_seperator\"><\/div>                  <\/div>\n\t\t\t\t  <div class=\"menu-price-spacing\"><\/div><div class=\"menu-price\">CHF 14.50<\/div>\t\t\t<\/div>\n              \n              \n\t\t\t<div class=\"menu-text\"> with garlic mayonnaise dip\n<hr>\nMit Knoblauch-Mayonnaise\n <\/div>\n\t\t\t<\/div>\n            \n            \t\t<\/div>\n  <\/div>\n    \n<\/li>\n<li class=\"menu-items\"> \n    <div class=\"ue_price_list_item\">\n  \t\n\t\t\t\n\n\t\t\t\n\t\t<div class=\"menu-wrapperall\">\n\t\t\t<div class=\"menu-wrappermidlle\">\n                \n              \t\t\t\t<div class=\"menu-wrappertitle\"> \n\t\t\t\t<div class=\"menu-title\"> NACHOS <\/div>\n                  <div class=\"menu-text-separator\">\n                    <div class=\"ue_price_list_seperator\"><\/div>                  <\/div>\n\t\t\t\t  <div class=\"menu-price-spacing\"><\/div><div class=\"menu-price\">CHF 15.00<\/div>\t\t\t<\/div>\n              \n              \n\t\t\t<div class=\"menu-text\"> Tortilla chips, melted cheddar cheese, salsa, sour cream, guacamole\n<HR>\nTortillachips, geschmolzener Cheddar, Salsa, Sauerrahm, Guacamole\n<\/HR>\n\n\n <\/div>\n\t\t\t<\/div>\n            \n            \t\t<\/div>\n  <\/div>\n    \n<\/li>\n<li class=\"menu-items\"> \n    <div class=\"ue_price_list_item\">\n  \t\n\t\t\t\n\n\t\t\t\n\t\t<div class=\"menu-wrapperall\">\n\t\t\t<div class=\"menu-wrappermidlle\">\n                \n              \t\t\t\t<div class=\"menu-wrappertitle\"> \n\t\t\t\t<div class=\"menu-title\"> Grilled Chicken Nachos <\/div>\n                  <div class=\"menu-text-separator\">\n                    <div class=\"ue_price_list_seperator\"><\/div>                  <\/div>\n\t\t\t\t  <div class=\"menu-price-spacing\"><\/div><div class=\"menu-price\">CHF 23.00<\/div>\t\t\t<\/div>\n              \n              \n\t\t\t<div class=\"menu-text\"> Tortilla chips, melted cheddar cheese, salsa, sour cream, guacamole and grilled chicken\n<HR>\nTortilla-Chips, geschmolzener Cheddar-K\u00e4se, Salsa, Sauerrahm, Guacamole und gegrilltes H\u00e4hnchen \n<\/HR>\n\n\n <\/div>\n\t\t\t<\/div>\n            \n            \t\t<\/div>\n  <\/div>\n    \n<\/li>\n<li class=\"menu-items\"> \n    <div class=\"ue_price_list_item\">\n  \t\n\t\t\t\n\n\t\t\t\n\t\t<div class=\"menu-wrapperall\">\n\t\t\t<div class=\"menu-wrappermidlle\">\n                \n              \t\t\t\t<div class=\"menu-wrappertitle\"> \n\t\t\t\t<div class=\"menu-title\"> Spicy Shredded Beef Nachos <\/div>\n                  <div class=\"menu-text-separator\">\n                    <div class=\"ue_price_list_seperator\"><\/div>                  <\/div>\n\t\t\t\t  <div class=\"menu-price-spacing\"><\/div><div class=\"menu-price\">CHF 23.00<\/div>\t\t\t<\/div>\n              \n              \n\t\t\t<div class=\"menu-text\"> Tortilla chips, melted cheddar cheese, salsa, sour cream, guacamole and spicy shredded beef\n<HR>\nTortilla-Chips, geschmolzener Cheddar-K\u00e4se, Salsa, Sauerrahm, Guacamole und w\u00fcrziges Rindfleisch\n<\/HR>\n\n\n <\/div>\n\t\t\t<\/div>\n            \n            \t\t<\/div>\n  <\/div>\n    \n<\/li>\n\n    <\/ul>\n<\/div>\n<!-- end Price List -->\t\t\t\t<\/div>\n\t\t\t\t<\/div>\n\t\t\t\t<div class=\"elementor-element elementor-element-dfda683 elementor-align-right elementor-invisible elementor-widget elementor-widget-global elementor-global-1313 elementor-widget-button\" data-id=\"dfda683\" data-element_type=\"widget\" data-e-type=\"widget\" data-settings=\"{&quot;_animation&quot;:&quot;fadeInLeft&quot;}\" data-widget_type=\"button.default\">\n\t\t\t\t\t\t\t\t\t\t<a class=\"elementor-button elementor-button-link elementor-size-sm\" href=\"\/bern\/our-selection\/\">\n\t\t\t\t\t\t<span class=\"elementor-button-content-wrapper\">\n\t\t\t\t\t\t<span class=\"elementor-button-icon\">\n\t\t\t\t<svg aria-hidden=\"true\" class=\"e-font-icon-svg e-fas-arrow-left\" viewBox=\"0 0 448 512\" xmlns=\"http:\/\/www.w3.org\/2000\/svg\"><path d=\"M257.5 445.1l-22.2 22.2c-9.4 9.4-24.6 9.4-33.9 0L7 273c-9.4-9.4-9.4-24.6 0-33.9L201.4 44.7c9.4-9.4 24.6-9.4 33.9 0l22.2 22.2c9.5 9.5 9.3 25-.4 34.3L136.6 216H424c13.3 0 24 10.7 24 24v32c0 13.3-10.7 24-24 24H136.6l120.5 114.8c9.8 9.3 10 24.8.4 34.3z\"><\/path><\/svg>\t\t\t<\/span>\n\t\t\t\t\t\t\t\t\t<span class=\"elementor-button-text\">Food menu<\/span>\n\t\t\t\t\t<\/span>\n\t\t\t\t\t<\/a>\n\t\t\t\t\t\t\t\t<\/div>\n\t\t\t\t\t<\/div>\n\t\t<\/div>\n\t\t\t\t\t<\/div>\n\t\t<\/section>\n\t\t\t\t<section class=\"elementor-section elementor-top-section elementor-element elementor-element-70959d1 elementor-section-boxed elementor-section-height-default elementor-section-height-default\" data-id=\"70959d1\" data-element_type=\"section\" data-e-type=\"section\">\n\t\t\t\t\t\t<div class=\"elementor-container elementor-column-gap-default\">\n\t\t\t\t\t<div class=\"elementor-column elementor-col-50 elementor-top-column elementor-element elementor-element-036e380\" data-id=\"036e380\" data-element_type=\"column\" data-e-type=\"column\">\n\t\t\t<div class=\"elementor-widget-wrap elementor-element-populated\">\n\t\t\t\t\t\t<div class=\"elementor-element elementor-element-a6e4397 elementor-widget elementor-widget-heading\" data-id=\"a6e4397\" data-element_type=\"widget\" data-e-type=\"widget\" data-widget_type=\"heading.default\">\n\t\t\t\t\t<h2 class=\"elementor-heading-title elementor-size-default\"><h2 data-elementor-setting-key=\"title\" data-pen-placeholder=\"\u00c9crivez ici...\" style=\"letter-spacing: 0.7px\">For any information regarding allergies, please ask our staff. They will be happy to provide you with the information you need.<span style=\"color: inherit;letter-spacing: 0.7px\"><\/span><\/h2><\/h2>\t\t\t\t<\/div>\n\t\t\t\t<div class=\"elementor-element elementor-element-044a7c1 elementor-widget elementor-widget-heading\" data-id=\"044a7c1\" data-element_type=\"widget\" data-e-type=\"widget\" data-widget_type=\"heading.default\">\n\t\t\t\t\t<h2 class=\"elementor-heading-title elementor-size-default\">F\u00fcr Informationen \u00fcber Allergene in unseren Gerichten fragen Sie unser Personal. Es gibt Ihnen gerne Auskunft dar\u00fcber<\/h2>\t\t\t\t<\/div>\n\t\t\t\t\t<\/div>\n\t\t<\/div>\n\t\t\t\t<div class=\"elementor-column elementor-col-50 elementor-top-column elementor-element elementor-element-d02e367\" data-id=\"d02e367\" data-element_type=\"column\" data-e-type=\"column\">\n\t\t\t<div class=\"elementor-widget-wrap\">\n\t\t\t\t\t\t\t<\/div>\n\t\t<\/div>\n\t\t\t\t\t<\/div>\n\t\t<\/section>\n\t\t\t\t<\/div>\n\t\t","protected":false},"excerpt":{"rendered":"<p>Browse food Salads Burgers Classic Desserts Light bites Our drinks Do you want a drink? CHEESY R\u00d6STI FRIES CHF 14.00 R\u00f6sti-Pommes mit Tr\u00fcffelk\u00e4se CHICKEN WINGS 6 wings CHF 12 Choose a sauce: Homemade Buffalo or BBQ 12 wings CHF 20 18 wings CHF 30 CAULIFLOWER WINGS CHF 13.00 Choose a sauce: Homemade buffalo or BBQ [&hellip;]<\/p>\n","protected":false},"author":1,"featured_media":0,"parent":419,"menu_order":0,"comment_status":"closed","ping_status":"closed","template":"elementor_header_footer","meta":{"_seopress_robots_primary_cat":"","_seopress_titles_title":"LIGHT BITES","_seopress_titles_desc":"D\u00e9couvrez nos petites bouch\u00e9es l\u00e9g\u00e8res. Parfaites pour une collation rapide ou un repas l\u00e9ger, elles sont pleines de saveurs d\u00e9licieuses. Bon app\u00e9tit !","_seopress_robots_index":"","_seopress_analysis_target_kw":"","inline_featured_image":false,"footnotes":""},"class_list":["post-493","page","type-page","status-publish","hentry"],"_links":{"self":[{"href":"https:\/\/mccarthysirishpub.ch\/bern\/wp-json\/wp\/v2\/pages\/493","targetHints":{"allow":["GET"]}}],"collection":[{"href":"https:\/\/mccarthysirishpub.ch\/bern\/wp-json\/wp\/v2\/pages"}],"about":[{"href":"https:\/\/mccarthysirishpub.ch\/bern\/wp-json\/wp\/v2\/types\/page"}],"author":[{"embeddable":true,"href":"https:\/\/mccarthysirishpub.ch\/bern\/wp-json\/wp\/v2\/users\/1"}],"replies":[{"embeddable":true,"href":"https:\/\/mccarthysirishpub.ch\/bern\/wp-json\/wp\/v2\/comments?post=493"}],"version-history":[{"count":39,"href":"https:\/\/mccarthysirishpub.ch\/bern\/wp-json\/wp\/v2\/pages\/493\/revisions"}],"predecessor-version":[{"id":3493,"href":"https:\/\/mccarthysirishpub.ch\/bern\/wp-json\/wp\/v2\/pages\/493\/revisions\/3493"}],"up":[{"embeddable":true,"href":"https:\/\/mccarthysirishpub.ch\/bern\/wp-json\/wp\/v2\/pages\/419"}],"wp:attachment":[{"href":"https:\/\/mccarthysirishpub.ch\/bern\/wp-json\/wp\/v2\/media?parent=493"}],"curies":[{"name":"wp","href":"https:\/\/api.w.org\/{rel}","templated":true}]}}