{"id":482,"date":"2024-06-14T21:08:11","date_gmt":"2024-06-14T19:08:11","guid":{"rendered":"https:\/\/mccarthysirishpub.ch\/bern\/?page_id=482"},"modified":"2026-05-12T15:00:50","modified_gmt":"2026-05-12T13:00:50","slug":"classic","status":"publish","type":"page","link":"https:\/\/mccarthysirishpub.ch\/bern\/our-selection\/classic\/","title":{"rendered":"CLASSIC MAINS"},"content":{"rendered":"\t\t<div data-elementor-type=\"wp-page\" data-elementor-id=\"482\" class=\"elementor elementor-482\" data-elementor-post-type=\"page\">\n\t\t\t\t\t\t<section class=\"elementor-section elementor-top-section elementor-element elementor-element-2216439 elementor-section-height-min-height elementor-section-boxed elementor-section-height-default elementor-section-items-middle\" data-id=\"2216439\" data-element_type=\"section\" data-e-type=\"section\" data-settings=\"{&quot;background_background&quot;:&quot;classic&quot;}\">\n\t\t\t\t\t\t\t<div class=\"elementor-background-overlay\"><\/div>\n\t\t\t\t\t\t\t<div class=\"elementor-container elementor-column-gap-default\">\n\t\t\t\t\t<div class=\"elementor-column elementor-col-100 elementor-top-column elementor-element elementor-element-d967fd2\" data-id=\"d967fd2\" data-element_type=\"column\" data-e-type=\"column\">\n\t\t\t<div class=\"elementor-widget-wrap elementor-element-populated\">\n\t\t\t\t\t\t<div class=\"elementor-element elementor-element-9cd5ddf elementor-widget-divider--view-line elementor-widget elementor-widget-divider\" data-id=\"9cd5ddf\" data-element_type=\"widget\" data-e-type=\"widget\" data-widget_type=\"divider.default\">\n\t\t\t\t\t\t\t<div class=\"elementor-divider\">\n\t\t\t<span class=\"elementor-divider-separator\">\n\t\t\t\t\t\t<\/span>\n\t\t<\/div>\n\t\t\t\t\t\t<\/div>\n\t\t\t\t<div class=\"elementor-element elementor-element-f19b5dc elementor-align-center elementor-fixed elementor-widget elementor-widget-button\" data-id=\"f19b5dc\" data-element_type=\"widget\" data-e-type=\"widget\" data-settings=\"{&quot;_position&quot;:&quot;fixed&quot;}\" data-widget_type=\"button.default\">\n\t\t\t\t\t\t\t\t\t\t<a class=\"elementor-button elementor-button-link elementor-size-sm\" href=\"\/bern\/our-drinks\/\">\n\t\t\t\t\t\t<span class=\"elementor-button-content-wrapper\">\n\t\t\t\t\t\t\t\t\t<span class=\"elementor-button-text\">Do you want a drink?<\/span>\n\t\t\t\t\t<\/span>\n\t\t\t\t\t<\/a>\n\t\t\t\t\t\t\t\t<\/div>\n\t\t\t\t\t<\/div>\n\t\t<\/div>\n\t\t\t\t\t<\/div>\n\t\t<\/section>\n\t\t\t\t<section class=\"elementor-section elementor-top-section elementor-element elementor-element-e9fc207 elementor-section-content-middle elementor-section-boxed elementor-section-height-default elementor-section-height-default\" data-id=\"e9fc207\" data-element_type=\"section\" data-e-type=\"section\" data-settings=\"{&quot;background_background&quot;:&quot;classic&quot;}\">\n\t\t\t\t\t\t<div class=\"elementor-container elementor-column-gap-default\">\n\t\t\t\t\t<div class=\"elementor-column elementor-col-100 elementor-top-column elementor-element elementor-element-4b1453e\" data-id=\"4b1453e\" data-element_type=\"column\" data-e-type=\"column\">\n\t\t\t<div class=\"elementor-widget-wrap\">\n\t\t\t\t\t\t\t<\/div>\n\t\t<\/div>\n\t\t\t\t\t<\/div>\n\t\t<\/section>\n\t\t\t\t<section class=\"elementor-section elementor-top-section elementor-element elementor-element-e5dd338 elementor-section-boxed elementor-section-height-default elementor-section-height-default\" data-id=\"e5dd338\" data-element_type=\"section\" data-e-type=\"section\">\n\t\t\t\t\t\t<div class=\"elementor-container elementor-column-gap-default\">\n\t\t\t\t\t<div class=\"elementor-column elementor-col-100 elementor-top-column elementor-element elementor-element-4e5ca1a\" data-id=\"4e5ca1a\" data-element_type=\"column\" data-e-type=\"column\">\n\t\t\t<div class=\"elementor-widget-wrap elementor-element-populated\">\n\t\t\t\t\t\t<div class=\"elementor-element elementor-element-f308558 elementor-widget elementor-widget-heading\" data-id=\"f308558\" data-element_type=\"widget\" data-e-type=\"widget\" data-widget_type=\"heading.default\">\n\t\t\t\t\t<h2 class=\"elementor-heading-title elementor-size-default\">For any information regarding allergies, please ask our staff. They will be happy to provide you with the information you need.\n<\/h2>\t\t\t\t<\/div>\n\t\t\t\t<div class=\"elementor-element elementor-element-40acaab elementor-widget elementor-widget-ucaddon_price_list\" data-id=\"40acaab\" data-element_type=\"widget\" data-e-type=\"widget\" data-widget_type=\"ucaddon_price_list.default\">\n\t\t\t\t<div class=\"elementor-widget-container\">\n\t\t\t\t\t\n<!-- start Price List -->\n<style>\/* widget: Price List *\/\n\n\n\n#uc_price_list_elementor_40acaab  *{\n\tbox-sizing:border-box;\n}\n\n#uc_price_list_elementor_40acaab li\n{\n  list-style:none;\n}\n\n#uc_price_list_elementor_40acaab .menu-list\n{\n  padding: 0px;\n  display:grid;\n}\n\n#uc_price_list_elementor_40acaab .menu-img{\n\tflex-grow:0;\n    flex-shrink:0;\n    display:flex;\n    overflow:hidden;\n}\n\n#uc_price_list_elementor_40acaab .menu-img img\n{\n  width:100%;\n  display:block;\n  transition:0.3s;\n}\n\n\n\t\n\n\n#uc_price_list_elementor_40acaab .ue_price_list_item{\n\tdisplay: flex;\n    overflow:hidden;\n   \n}\n\n#uc_price_list_elementor_40acaab .menu-items:last-child\n{\n  border-bottom:none;\n}\n\n\n#uc_price_list_elementor_40acaab .menu-wrappertitle{\n\tdisplay: flex;\n\talign-items:center;\n\t\n}\n\n#uc_price_list_elementor_40acaab .menu-wrapperall{\n\tflex-grow:1;\n\n}\n\n\n\n\n#uc_price_list_elementor_40acaab .menu-text-separator{\n\t\n\talign-self: center;\n    flex-grow:1;\n}\n\n#uc_price_list_elementor_40acaab .ue_price_list_seperator\n{\n\tborder-top-width: 0;\n\tborder-right-width: 0;\n\tborder-left-width: 0;\n}\n\n#uc_price_list_elementor_40acaab .menu-text {\n}\n\n#uc_price_list_elementor_40acaab .menu-price{\n\t\n\tflex-grow:0;\n    flex-shrink:0;\n    display: flex;\n    justify-content: center;\n    align-content: center;\n    flex-direction: column;\n}\n\n\n#uc_price_list_elementor_40acaab .menu-title{\n}\n\n\n#uc_price_list_elementor_40acaab .menu-wrapperall\n{\n  display:flex;\n  width:100%;\n}\n\n#uc_price_list_elementor_40acaab .menu-wrappermidlle\n{\n  width:100%;\n}\n\n\n#uc_price_list_elementor_40acaab .ue_price_list_image_spacing\n{\n   flex-grow:0;\n    flex-shrink:0;\n}\n\n#uc_price_list_elementor_40acaab li.menu-items:last-child .ue_price_list_item_seperator\n{\n  display:none;\n}\n\n#uc_price_list_elementor_40acaab .ue_price_list_badge\n{\n  display:inline-block;\n}\n\n.ue_price_list_badge\n{\n  font-size:10px;\n}\n\n#uc_price_list_elementor_40acaab a\n{\n  text-decoration:none;\n}\n\n#uc_price_list_elementor_40acaab .menu-price-spacing\n{\n  flex-grow:0;\n    flex-shrink:0;\n}\n\n\n\n\n<\/style>\n\n<div id=\"uc_price_list_elementor_40acaab\" class=\"\" >\n\t<ul class=\"menu-list uc-items-wrapper\">\n\t\t<li class=\"menu-items\"> \n    <div class=\"ue_price_list_item\">\n  \t\n\t\t\t\n\n\t\t\t\n\t\t<div class=\"menu-wrapperall\">\n\t\t\t<div class=\"menu-wrappermidlle\">\n                \n              \t\t\t\t<div class=\"menu-wrappertitle\"> \n\t\t\t\t<div class=\"menu-title\"> TRADITIONAL FISH \u2018N\u2019 CHIPS <\/div>\n                  <div class=\"menu-text-separator\">\n                    <div class=\"ue_price_list_seperator\"><\/div>                  <\/div>\n\t\t\t\t  <div class=\"menu-price-spacing\"><\/div><div class=\"menu-price\">CHF 29.00<\/div>\t\t\t<\/div>\n              \n              \n\t\t\t<div class=\"menu-text\"> Beer battered Cod, chunky chips, mint pea puree, tartare sauce\n<hr>\nKABELJAUFILET IM BIERTEIG, CHUNKY CHIPS,\nMINZE-ERBSENP\u00dcREE, TARTARESAUCE\n <\/div>\n\t\t\t<\/div>\n            \n            \t\t<\/div>\n  <\/div>\n    \n<\/li>\n<li class=\"menu-items\"> \n    <div class=\"ue_price_list_item\">\n  \t\n\t\t\t\n\n\t\t\t\n\t\t<div class=\"menu-wrapperall\">\n\t\t\t<div class=\"menu-wrappermidlle\">\n                \n              \t\t\t\t<div class=\"menu-wrappertitle\"> \n\t\t\t\t<div class=\"menu-title\"> DUROC BABY BACK PORK RIBS (400g) <\/div>\n                  <div class=\"menu-text-separator\">\n                    <div class=\"ue_price_list_seperator\"><\/div>                  <\/div>\n\t\t\t\t  <div class=\"menu-price-spacing\"><\/div><div class=\"menu-price\">CHF 34.50<\/div>\t\t\t<\/div>\n              \n              \n\t\t\t<div class=\"menu-text\"> Braised spicy homemade barbecue pork ribs served with  fries, side salad with coleslaw\n<hr>\nGESCHMORTE W\u00dcRZIGE BARBECUE-SCHWEINERIPPCHEN,\nSERVIERT MIT POMMES, SALAT UND KRAUTSALAT\n <\/div>\n\t\t\t<\/div>\n            \n            \t\t<\/div>\n  <\/div>\n    \n<\/li>\n<li class=\"menu-items\"> \n    <div class=\"ue_price_list_item\">\n  \t\n\t\t\t\n\n\t\t\t\n\t\t<div class=\"menu-wrapperall\">\n\t\t\t<div class=\"menu-wrappermidlle\">\n                \n              \t\t\t\t<div class=\"menu-wrappertitle\"> \n\t\t\t\t<div class=\"menu-title\"> Beef & Guinness Pie <\/div>\n                  <div class=\"menu-text-separator\">\n                    <div class=\"ue_price_list_seperator\"><\/div>                  <\/div>\n\t\t\t\t  <div class=\"menu-price-spacing\"><\/div><div class=\"menu-price\">CHF28.50<\/div>\t\t\t<\/div>\n              \n              \n\t\t\t<div class=\"menu-text\"> Guinness braised beef in pastry, r\u00f6sti fries, gravy\n<hr>\nGUINNESS GESCHMORTES RINDFLEISCH IM TEIGMANTEL,\nR\u00d6STI-POMMES, BRATENSAUCE\n <\/div>\n\t\t\t<\/div>\n            \n            \t\t<\/div>\n  <\/div>\n    \n<\/li>\n<li class=\"menu-items\"> \n    <div class=\"ue_price_list_item\">\n  \t\n\t\t\t\n\n\t\t\t\n\t\t<div class=\"menu-wrapperall\">\n\t\t\t<div class=\"menu-wrappermidlle\">\n                \n              \t\t\t\t<div class=\"menu-wrappertitle\"> \n\t\t\t\t<div class=\"menu-title\"> CHICKEN FOCCACIA CLUB SANDWICH <\/div>\n                  <div class=\"menu-text-separator\">\n                    <div class=\"ue_price_list_seperator\"><\/div>                  <\/div>\n\t\t\t\t  <div class=\"menu-price-spacing\"><\/div><div class=\"menu-price\">CHF 24.50<\/div>\t\t\t<\/div>\n              \n              \n\t\t\t<div class=\"menu-text\"> Grilled chicken supreme, bacon, lettuce, tomato,\npickled onion, curry mayonnaise. Served with fries,\nsalad and coleslaw\n<hr>\nGRILLIERTES POULET SUPREME, SPECK, SALAT, TOMATEN,\nEINGELEGTE ZWIEBELN, CURRYMAYONNAISE. SERVIERT MIT\nPOMMES, SALAT UND KRAUTSALAT.\n <\/div>\n\t\t\t<\/div>\n            \n            \t\t<\/div>\n  <\/div>\n    \n<\/li>\n<li class=\"menu-items\"> \n    <div class=\"ue_price_list_item\">\n  \t\n\t\t\t\n\n\t\t\t\n\t\t<div class=\"menu-wrapperall\">\n\t\t\t<div class=\"menu-wrappermidlle\">\n                \n              \t\t\t\t<div class=\"menu-wrappertitle\"> \n\t\t\t\t<div class=\"menu-title\"> HALLOUMI WRAP  <\/div>\n                  <div class=\"menu-text-separator\">\n                    <div class=\"ue_price_list_seperator\"><\/div>                  <\/div>\n\t\t\t\t  <div class=\"menu-price-spacing\"><\/div><div class=\"menu-price\">CHF 21.50<\/div>\t\t\t<\/div>\n              \n              \n\t\t\t<div class=\"menu-text\"> Fried halloumi, avocado, lettuce, tomato, red\nonions, herb sour cream, spicy Cajun sauce. Served\nwith fries, salad and coleslaw.\n\n<hr>\nFRITTIERTER HALLOUMI, AVOCADO, SALAT, TOMATEN, ROTE\nZWEIBELN, KR\u00c4UTER-SAURRERAHM, SCHARFE CAJUN SAUCE.\nSERVIERT MIT POMMES, SALAT UND KRAUTSALAT\n <\/div>\n\t\t\t<\/div>\n            \n            \t\t<\/div>\n  <\/div>\n    \n<\/li>\n<li class=\"menu-items\"> \n    <div class=\"ue_price_list_item\">\n  \t\n\t\t\t\n\n\t\t\t\n\t\t<div class=\"menu-wrapperall\">\n\t\t\t<div class=\"menu-wrappermidlle\">\n                \n              \t\t\t\t<div class=\"menu-wrappertitle\"> \n\t\t\t\t<div class=\"menu-title\"> Chicken Wrap <\/div>\n                  <div class=\"menu-text-separator\">\n                    <div class=\"ue_price_list_seperator\"><\/div>                  <\/div>\n\t\t\t\t  <div class=\"menu-price-spacing\"><\/div><div class=\"menu-price\">CHF 22.50<\/div>\t\t\t<\/div>\n              \n              \n\t\t\t<div class=\"menu-text\"> Chicken supreme, lettuce, tomatoes, red onions, herb sour cream, spicy Cajun sauce. Served with fries, salad and coleslaw.\n\n<hr>\nPOULET SUPREME, SALAT, TOMATEN, ROTE ZWIEBELN,\nKR\u00c4UTER-SAUERRAHM, W\u00dcRZIGE CAJUN-SAUCE. SERVIERT\nMIT POMMES, SALAT UND KRAUTSALAT.\n\n <\/div>\n\t\t\t<\/div>\n            \n            \t\t<\/div>\n  <\/div>\n    \n<\/li>\n<li class=\"menu-items\"> \n    <div class=\"ue_price_list_item\">\n  \t\n\t\t\t\n\n\t\t\t\n\t\t<div class=\"menu-wrapperall\">\n\t\t\t<div class=\"menu-wrappermidlle\">\n                \n              \t\t\t\t<div class=\"menu-wrappertitle\"> \n\t\t\t\t<div class=\"menu-title\"> MCCARTHY'S BEEF WRAP <\/div>\n                  <div class=\"menu-text-separator\">\n                    <div class=\"ue_price_list_seperator\"><\/div>                  <\/div>\n\t\t\t\t  <div class=\"menu-price-spacing\"><\/div><div class=\"menu-price\">CHF 23.50<\/div>\t\t\t<\/div>\n              \n              \n\t\t\t<div class=\"menu-text\"> Grilled beef, lettuce, tomatoes, red onions, herb\nsour cream, spicy Cajun sauce. Served with fries,\nsalad and coleslaw.\n\n\n<hr>\nGRILLIERTES RINDFLEISCH, SALAT, TOMATEN, ROTE ZWIEBELN,\nKR\u00c4UTER-SAUERRAHM, W\u00dcRZIGE CAJUN-SAUCE. SERVIERT\nMIT POMMES, SALAT UND KRAUTSALAT.\n\n <\/div>\n\t\t\t<\/div>\n            \n            \t\t<\/div>\n  <\/div>\n    \n<\/li>\n\n    <\/ul>\n<\/div>\n<!-- end Price List -->\t\t\t\t<\/div>\n\t\t\t\t<\/div>\n\t\t\t\t\t<\/div>\n\t\t<\/div>\n\t\t\t\t\t<\/div>\n\t\t<\/section>\n\t\t\t\t<section class=\"elementor-section elementor-top-section elementor-element elementor-element-4f7388a elementor-section-boxed elementor-section-height-default elementor-section-height-default\" data-id=\"4f7388a\" data-element_type=\"section\" data-e-type=\"section\">\n\t\t\t\t\t\t<div class=\"elementor-container elementor-column-gap-default\">\n\t\t\t\t\t<div class=\"elementor-column elementor-col-100 elementor-top-column elementor-element elementor-element-ca4ba61\" data-id=\"ca4ba61\" data-element_type=\"column\" data-e-type=\"column\">\n\t\t\t<div class=\"elementor-widget-wrap elementor-element-populated\">\n\t\t\t\t\t\t<div class=\"elementor-element elementor-element-fda271e elementor-widget elementor-widget-heading\" data-id=\"fda271e\" data-element_type=\"widget\" data-e-type=\"widget\" data-widget_type=\"heading.default\">\n\t\t\t\t\t<h2 class=\"elementor-heading-title elementor-size-default\">F\u00fcr Informationen \u00fcber Allergene in unseren Gerichten fragen Sie unser Personal. Es gibt Ihnen gerne Auskunft dar\u00fcber.<\/h2>\t\t\t\t<\/div>\n\t\t\t\t\t<\/div>\n\t\t<\/div>\n\t\t\t\t\t<\/div>\n\t\t<\/section>\n\t\t\t\t<\/div>\n\t\t","protected":false},"excerpt":{"rendered":"<p>Do you want a drink? For any information regarding allergies, please ask our staff. They will be happy to provide you with the information you need. TRADITIONAL FISH \u2018N\u2019 CHIPS CHF 29.00 Beer battered Cod, chunky chips, mint pea puree, tartare sauce KABELJAUFILET IM BIERTEIG, CHUNKY CHIPS, MINZE-ERBSENP\u00dcREE, TARTARESAUCE DUROC BABY BACK PORK RIBS (400g) [&hellip;]<\/p>\n","protected":false},"author":1,"featured_media":0,"parent":419,"menu_order":0,"comment_status":"closed","ping_status":"closed","template":"elementor_header_footer","meta":{"_seopress_robots_primary_cat":"","_seopress_titles_title":"CLASSIC MAINS","_seopress_titles_desc":"Indulge in classic mains at McCarthy\u2019s Irish Pub in Bern. Enjoy traditional Irish dishes in a cozy setting!","_seopress_robots_index":"","_seopress_analysis_target_kw":"","inline_featured_image":false,"footnotes":""},"class_list":["post-482","page","type-page","status-publish","hentry"],"_links":{"self":[{"href":"https:\/\/mccarthysirishpub.ch\/bern\/wp-json\/wp\/v2\/pages\/482","targetHints":{"allow":["GET"]}}],"collection":[{"href":"https:\/\/mccarthysirishpub.ch\/bern\/wp-json\/wp\/v2\/pages"}],"about":[{"href":"https:\/\/mccarthysirishpub.ch\/bern\/wp-json\/wp\/v2\/types\/page"}],"author":[{"embeddable":true,"href":"https:\/\/mccarthysirishpub.ch\/bern\/wp-json\/wp\/v2\/users\/1"}],"replies":[{"embeddable":true,"href":"https:\/\/mccarthysirishpub.ch\/bern\/wp-json\/wp\/v2\/comments?post=482"}],"version-history":[{"count":141,"href":"https:\/\/mccarthysirishpub.ch\/bern\/wp-json\/wp\/v2\/pages\/482\/revisions"}],"predecessor-version":[{"id":3500,"href":"https:\/\/mccarthysirishpub.ch\/bern\/wp-json\/wp\/v2\/pages\/482\/revisions\/3500"}],"up":[{"embeddable":true,"href":"https:\/\/mccarthysirishpub.ch\/bern\/wp-json\/wp\/v2\/pages\/419"}],"wp:attachment":[{"href":"https:\/\/mccarthysirishpub.ch\/bern\/wp-json\/wp\/v2\/media?parent=482"}],"curies":[{"name":"wp","href":"https:\/\/api.w.org\/{rel}","templated":true}]}}