{"id":465,"date":"2024-06-14T20:52:37","date_gmt":"2024-06-14T18:52:37","guid":{"rendered":"https:\/\/mccarthysirishpub.ch\/bern\/?page_id=465"},"modified":"2026-04-29T23:14:42","modified_gmt":"2026-04-29T21:14:42","slug":"burgers","status":"publish","type":"page","link":"https:\/\/mccarthysirishpub.ch\/bern\/our-selection\/burgers\/","title":{"rendered":"Burgers"},"content":{"rendered":"\t\t<div data-elementor-type=\"wp-page\" data-elementor-id=\"465\" class=\"elementor elementor-465\" data-elementor-post-type=\"page\">\n\t\t\t\t\t\t<section class=\"elementor-section elementor-top-section elementor-element elementor-element-2216439 elementor-section-height-min-height elementor-section-boxed elementor-section-height-default elementor-section-items-middle\" data-id=\"2216439\" data-element_type=\"section\" data-e-type=\"section\" data-settings=\"{&quot;background_background&quot;:&quot;classic&quot;}\">\n\t\t\t\t\t\t\t<div class=\"elementor-background-overlay\"><\/div>\n\t\t\t\t\t\t\t<div class=\"elementor-container elementor-column-gap-default\">\n\t\t\t\t\t<div class=\"elementor-column elementor-col-100 elementor-top-column elementor-element elementor-element-fa2bf6d\" data-id=\"fa2bf6d\" data-element_type=\"column\" data-e-type=\"column\">\n\t\t\t<div class=\"elementor-widget-wrap elementor-element-populated\">\n\t\t\t\t\t\t<div class=\"elementor-element elementor-element-da7c0c5 elementor-widget-divider--view-line elementor-widget elementor-widget-divider\" data-id=\"da7c0c5\" data-element_type=\"widget\" data-e-type=\"widget\" data-widget_type=\"divider.default\">\n\t\t\t\t\t\t\t<div class=\"elementor-divider\">\n\t\t\t<span class=\"elementor-divider-separator\">\n\t\t\t\t\t\t<\/span>\n\t\t<\/div>\n\t\t\t\t\t\t<\/div>\n\t\t\t\t<div class=\"elementor-element elementor-element-5c6c9e8 elementor-align-center elementor-fixed elementor-widget elementor-widget-button\" data-id=\"5c6c9e8\" data-element_type=\"widget\" data-e-type=\"widget\" data-settings=\"{&quot;_position&quot;:&quot;fixed&quot;}\" data-widget_type=\"button.default\">\n\t\t\t\t\t\t\t\t\t\t<a class=\"elementor-button elementor-button-link elementor-size-sm\" href=\"\/bern\/our-drinks\/\">\n\t\t\t\t\t\t<span class=\"elementor-button-content-wrapper\">\n\t\t\t\t\t\t\t\t\t<span class=\"elementor-button-text\">Do you want a drink?<\/span>\n\t\t\t\t\t<\/span>\n\t\t\t\t\t<\/a>\n\t\t\t\t\t\t\t\t<\/div>\n\t\t\t\t\t<\/div>\n\t\t<\/div>\n\t\t\t\t\t<\/div>\n\t\t<\/section>\n\t\t\t\t<section class=\"elementor-section elementor-top-section elementor-element elementor-element-e9fc207 elementor-section-content-middle elementor-section-boxed elementor-section-height-default elementor-section-height-default\" data-id=\"e9fc207\" data-element_type=\"section\" data-e-type=\"section\" data-settings=\"{&quot;background_background&quot;:&quot;classic&quot;}\">\n\t\t\t\t\t\t<div class=\"elementor-container elementor-column-gap-default\">\n\t\t\t\t\t<div class=\"elementor-column elementor-col-100 elementor-top-column elementor-element elementor-element-4b1453e\" data-id=\"4b1453e\" data-element_type=\"column\" data-e-type=\"column\">\n\t\t\t<div class=\"elementor-widget-wrap elementor-element-populated\">\n\t\t\t\t\t\t<div class=\"elementor-element elementor-element-40acaab elementor-widget elementor-widget-ucaddon_price_list\" data-id=\"40acaab\" data-element_type=\"widget\" data-e-type=\"widget\" data-widget_type=\"ucaddon_price_list.default\">\n\t\t\t\t<div class=\"elementor-widget-container\">\n\t\t\t\t\t\n<!-- start Price List -->\n<style>\/* widget: Price List *\/\n\n\n\n#uc_price_list_elementor_40acaab  *{\n\tbox-sizing:border-box;\n}\n\n#uc_price_list_elementor_40acaab li\n{\n  list-style:none;\n}\n\n#uc_price_list_elementor_40acaab .menu-list\n{\n  padding: 0px;\n  display:grid;\n}\n\n#uc_price_list_elementor_40acaab .menu-img{\n\tflex-grow:0;\n    flex-shrink:0;\n    display:flex;\n    overflow:hidden;\n}\n\n#uc_price_list_elementor_40acaab .menu-img img\n{\n  width:100%;\n  display:block;\n  transition:0.3s;\n}\n\n\n\t\n\n\n#uc_price_list_elementor_40acaab .ue_price_list_item{\n\tdisplay: flex;\n    overflow:hidden;\n   \n}\n\n#uc_price_list_elementor_40acaab .menu-items:last-child\n{\n  border-bottom:none;\n}\n\n\n#uc_price_list_elementor_40acaab .menu-wrappertitle{\n\tdisplay: flex;\n\talign-items:center;\n\t\n}\n\n#uc_price_list_elementor_40acaab .menu-wrapperall{\n\tflex-grow:1;\n\n}\n\n\n\n\n#uc_price_list_elementor_40acaab .menu-text-separator{\n\t\n\talign-self: center;\n    flex-grow:1;\n}\n\n#uc_price_list_elementor_40acaab .ue_price_list_seperator\n{\n\tborder-top-width: 0;\n\tborder-right-width: 0;\n\tborder-left-width: 0;\n}\n\n#uc_price_list_elementor_40acaab .menu-text {\n}\n\n#uc_price_list_elementor_40acaab .menu-price{\n\t\n\tflex-grow:0;\n    flex-shrink:0;\n    display: flex;\n    justify-content: center;\n    align-content: center;\n    flex-direction: column;\n}\n\n\n#uc_price_list_elementor_40acaab .menu-title{\n}\n\n\n#uc_price_list_elementor_40acaab .menu-wrapperall\n{\n  display:flex;\n  width:100%;\n}\n\n#uc_price_list_elementor_40acaab .menu-wrappermidlle\n{\n  width:100%;\n}\n\n\n#uc_price_list_elementor_40acaab .ue_price_list_image_spacing\n{\n   flex-grow:0;\n    flex-shrink:0;\n}\n\n#uc_price_list_elementor_40acaab li.menu-items:last-child .ue_price_list_item_seperator\n{\n  display:none;\n}\n\n#uc_price_list_elementor_40acaab .ue_price_list_badge\n{\n  display:inline-block;\n}\n\n.ue_price_list_badge\n{\n  font-size:10px;\n}\n\n#uc_price_list_elementor_40acaab a\n{\n  text-decoration:none;\n}\n\n#uc_price_list_elementor_40acaab .menu-price-spacing\n{\n  flex-grow:0;\n    flex-shrink:0;\n}\n\n\n\n\n<\/style>\n\n<div id=\"uc_price_list_elementor_40acaab\" class=\"\" >\n\t<ul class=\"menu-list uc-items-wrapper\">\n\t\t<li class=\"menu-items\"> \n    <div class=\"ue_price_list_item\">\n  \t\n\t\t\t\n\n\t\t\t\n\t\t<div class=\"menu-wrapperall\">\n\t\t\t<div class=\"menu-wrappermidlle\">\n                \n              \t\t\t\t<div class=\"menu-wrappertitle\"> \n\t\t\t\t<div class=\"menu-title\"> Chicken burger <\/div>\n                  <div class=\"menu-text-separator\">\n                    <div class=\"ue_price_list_seperator\"><\/div>                  <\/div>\n\t\t\t\t  <div class=\"menu-price-spacing\"><\/div><div class=\"menu-price\">CHF 24.50<\/div>\t\t\t<\/div>\n              \n              \n\t\t\t<div class=\"menu-text\"> Crispy cornflake chicken fillet, pickled red onion, tomato, curry mayo. Served with fries and coleslaw\n<hr>\nKnuspriges H\u00e4hnchenfilet in Cornflakes-Panade, eingelegte rote Zwiebeln, Tomaten, Curry-Mayonnaise. Serviert mit Pommes und Krautsalat<div style=\"color: #FFF; font-weight: bold;\">\n<br>\n\n<\/div> <\/div>\n\t\t\t<\/div>\n            \n            \t\t<\/div>\n  <\/div>\n    \n<\/li>\n<li class=\"menu-items\"> \n    <div class=\"ue_price_list_item\">\n  \t\n\t\t\t\n\n\t\t\t\n\t\t<div class=\"menu-wrapperall\">\n\t\t\t<div class=\"menu-wrappermidlle\">\n                \n              \t\t\t\t<div class=\"menu-wrappertitle\"> \n\t\t\t\t<div class=\"menu-title\"> Smashed Beef Burger <\/div>\n                  <div class=\"menu-text-separator\">\n                    <div class=\"ue_price_list_seperator\"><\/div>                  <\/div>\n\t\t\t\t  <div class=\"menu-price-spacing\"><\/div><div class=\"menu-price\">CHF 26.00<\/div>\t\t\t<\/div>\n              \n              \n\t\t\t<div class=\"menu-text\"> Two beef pattys, melted cheddar cheese, grilled bacon, lettuce, tomato, red onions and Branston Pickle sauce. Served with fries and coleslaw\n<hr>\nRindfleisch-Patty, geschmolzener Cheddar-K\u00e4se, gegrillter Speck, Salat, Tomaten, rote Zwiebeln und Branston Pickle Sauce. Serviert mit Pommes und Krautsalat<div style=\"color: #FFF; font-weight: bold;\">\n<br>\n\n<\/div> <\/div>\n\t\t\t<\/div>\n            \n            \t\t<\/div>\n  <\/div>\n    \n<\/li>\n<li class=\"menu-items\"> \n    <div class=\"ue_price_list_item\">\n  \t\n\t\t\t\n\n\t\t\t\n\t\t<div class=\"menu-wrapperall\">\n\t\t\t<div class=\"menu-wrappermidlle\">\n                \n              \t\t\t\t<div class=\"menu-wrappertitle\"> \n\t\t\t\t<div class=\"menu-title\"> Bern BEEF BURGER <\/div>\n                  <div class=\"menu-text-separator\">\n                    <div class=\"ue_price_list_seperator\"><\/div>                  <\/div>\n\t\t\t\t  <div class=\"menu-price-spacing\"><\/div><div class=\"menu-price\">CHF 26.00<\/div>\t\t\t<\/div>\n              \n              \n\t\t\t<div class=\"menu-text\"> Beef Patty, Gerzensee camembert, grilled bacon, Iceberg, pickle, caramelised onion, baconnaise served with fries, coleslaw\n<hr>\nRindfleisch-patty, Gerzensee Camembert, Schweizer, gegrillter speck , Eisbergsalat, Gew\u00fcrzgurke, karamelisierte Zwiebeln, Baconnaise, Pommes frites, Krautsalat <\/div>\n\t\t\t<\/div>\n            \n            \t\t<\/div>\n  <\/div>\n    \n<\/li>\n<li class=\"menu-items\"> \n    <div class=\"ue_price_list_item\">\n  \t\n\t\t\t\n\n\t\t\t\n\t\t<div class=\"menu-wrapperall\">\n\t\t\t<div class=\"menu-wrappermidlle\">\n                \n              \t\t\t\t<div class=\"menu-wrappertitle\"> \n\t\t\t\t<div class=\"menu-title\"> BUFFALO SHREDDED BEEF BURGER <\/div>\n                  <div class=\"menu-text-separator\">\n                    <div class=\"ue_price_list_seperator\"><\/div>                  <\/div>\n\t\t\t\t  <div class=\"menu-price-spacing\"><\/div><div class=\"menu-price\">CHF 25.00<\/div>\t\t\t<\/div>\n              \n              \n\t\t\t<div class=\"menu-text\"> Spicy shredded beef in buffalo sauce, Jalapenos, pickles, iceberg , horseradish mayonnaise served with fries & coleslaw\n<hr>\nGezupftes Rindfleisch in scharfer Buffalo-Sauce, Chillis, Gew\u00fcrzgurke, Eisbergsalat, Meerrettich-Mayonnaise, Pommes frites, Krautsalat <\/div>\n\t\t\t<\/div>\n            \n            \t\t<\/div>\n  <\/div>\n    \n<\/li>\n<li class=\"menu-items\"> \n    <div class=\"ue_price_list_item\">\n  \t\n\t\t\t\n\n\t\t\t\n\t\t<div class=\"menu-wrapperall\">\n\t\t\t<div class=\"menu-wrappermidlle\">\n                \n              \t\t\t\t<div class=\"menu-wrappertitle\"> \n\t\t\t\t<div class=\"menu-title\"> Fribourg burger <\/div>\n                  <div class=\"menu-text-separator\">\n                    <div class=\"ue_price_list_seperator\"><\/div>                  <\/div>\n\t\t\t\t  <div class=\"menu-price-spacing\"><\/div><div class=\"menu-price\">CHF 25.50<\/div>\t\t\t<\/div>\n              \n              \n\t\t\t<div class=\"menu-text\"> Beef Patty, melted Vacherin cheese. grilled bacon, B\u00e9nichon mustard, pickles & saut\u00e9ed onions served with fries & coleslaw\n<hr>\nRindfleisch-patty, Geschmolzener Vacherin-K\u00e4se, gegrillter Speck, B\u00e9nichon-Senf, Essiggurken und sautierte Zwiebeln. Serviert mit pommes und krautsalat <\/div>\n\t\t\t<\/div>\n            \n            \t\t<\/div>\n  <\/div>\n    \n<\/li>\n<li class=\"menu-items\"> \n    <div class=\"ue_price_list_item\">\n  \t\n\t\t\t\n\n\t\t\t\n\t\t<div class=\"menu-wrapperall\">\n\t\t\t<div class=\"menu-wrappermidlle\">\n                \n              \t\t\t\t<div class=\"menu-wrappertitle\"> \n\t\t\t\t<div class=\"menu-title\"> Texas BEEF BURGER <\/div>\n                  <div class=\"menu-text-separator\">\n                    <div class=\"ue_price_list_seperator\"><\/div>                  <\/div>\n\t\t\t\t  <div class=\"menu-price-spacing\"><\/div><div class=\"menu-price\">CHF 26.00<\/div>\t\t\t<\/div>\n              \n              \n\t\t\t<div class=\"menu-text\"> Beef patty, melted cheddar cheese, lettuce, tomato, Jameson Whiskey BBQ sauce, with onion rings and served with fries & coleslaw\n<hr>\nRindfleisch-patty, Geschmolzener cheddar-kase, salat, tomate, Jameson whiskey BBQ- Sauce Serviert mit zwiebelringen pommes und krautsalat <\/div>\n\t\t\t<\/div>\n            \n            \t\t<\/div>\n  <\/div>\n    \n<\/li>\n<li class=\"menu-items\"> \n    <div class=\"ue_price_list_item\">\n  \t\n\t\t\t\n\n\t\t\t\n\t\t<div class=\"menu-wrapperall\">\n\t\t\t<div class=\"menu-wrappermidlle\">\n                \n              \t\t\t\t<div class=\"menu-wrappertitle\"> \n\t\t\t\t<div class=\"menu-title\"> HALLOUMI BURGER (Vegetarian) <\/div>\n                  <div class=\"menu-text-separator\">\n                    <div class=\"ue_price_list_seperator\"><\/div>                  <\/div>\n\t\t\t\t  <div class=\"menu-price-spacing\"><\/div><div class=\"menu-price\">CHF 22.00<\/div>\t\t\t<\/div>\n              \n              \n\t\t\t<div class=\"menu-text\"> Deep fried Hallloumi chesse, Rocket, grilled vegetables, fig jam mayonnaise, spicy\nhoney served with fries & coleslaw\n\n<hr>\nFrittierter Halloumi-K\u00e4se, Rucola, gegrilltes Gem\u00fcse, Feigenkonfit\u00fcre-Mayonnaise,\nscharfer Honig, Pommes Frites & Krautsalat\n\n\n <\/div>\n\t\t\t<\/div>\n            \n            \t\t<\/div>\n  <\/div>\n    \n<\/li>\n\n    <\/ul>\n<\/div>\n<!-- end Price List -->\t\t\t\t<\/div>\n\t\t\t\t<\/div>\n\t\t\t\t\t<\/div>\n\t\t<\/div>\n\t\t\t\t\t<\/div>\n\t\t<\/section>\n\t\t\t\t<section class=\"elementor-section elementor-top-section elementor-element elementor-element-2c014e4 elementor-section-boxed elementor-section-height-default elementor-section-height-default\" data-id=\"2c014e4\" data-element_type=\"section\" data-e-type=\"section\">\n\t\t\t\t\t\t<div class=\"elementor-container elementor-column-gap-default\">\n\t\t\t\t\t<div class=\"elementor-column elementor-col-100 elementor-top-column elementor-element elementor-element-0db838f\" data-id=\"0db838f\" data-element_type=\"column\" data-e-type=\"column\">\n\t\t\t<div class=\"elementor-widget-wrap\">\n\t\t\t\t\t\t\t<\/div>\n\t\t<\/div>\n\t\t\t\t\t<\/div>\n\t\t<\/section>\n\t\t\t\t<section class=\"elementor-section elementor-top-section elementor-element elementor-element-b02f39f elementor-section-boxed elementor-section-height-default elementor-section-height-default\" data-id=\"b02f39f\" data-element_type=\"section\" data-e-type=\"section\">\n\t\t\t\t\t\t<div class=\"elementor-container elementor-column-gap-default\">\n\t\t\t\t\t<div class=\"elementor-column elementor-col-100 elementor-top-column elementor-element elementor-element-45621ff\" data-id=\"45621ff\" data-element_type=\"column\" data-e-type=\"column\">\n\t\t\t<div class=\"elementor-widget-wrap elementor-element-populated\">\n\t\t\t\t\t\t<div class=\"elementor-element elementor-element-5b0c673 elementor-widget elementor-widget-heading\" data-id=\"5b0c673\" data-element_type=\"widget\" data-e-type=\"widget\" data-widget_type=\"heading.default\">\n\t\t\t\t\t<h2 class=\"elementor-heading-title elementor-size-default\">For any information regarding allergies, please ask our staff. They will be happy to provide you with the information you need.\n<\/h2>\t\t\t\t<\/div>\n\t\t\t\t<div class=\"elementor-element elementor-element-86b578b elementor-widget elementor-widget-heading\" data-id=\"86b578b\" data-element_type=\"widget\" data-e-type=\"widget\" data-widget_type=\"heading.default\">\n\t\t\t\t\t<h2 class=\"elementor-heading-title elementor-size-default\">F\u00fcr Informationen \u00fcber Allergene in unseren Gerichten fragen Sie unser Personal. Es gibt Ihnen gerne Auskunft dar\u00fcber<\/h2>\t\t\t\t<\/div>\n\t\t\t\t\t<\/div>\n\t\t<\/div>\n\t\t\t\t\t<\/div>\n\t\t<\/section>\n\t\t\t\t<\/div>\n\t\t","protected":false},"excerpt":{"rendered":"<p>Do you want a drink? Chicken burger CHF 24.50 Crispy cornflake chicken fillet, pickled red onion, tomato, curry mayo. Served with fries and coleslaw Knuspriges H\u00e4hnchenfilet in Cornflakes-Panade, eingelegte rote Zwiebeln, Tomaten, Curry-Mayonnaise. Serviert mit Pommes und Krautsalat Smashed Beef Burger CHF 26.00 Two beef pattys, melted cheddar cheese, grilled bacon, lettuce, tomato, red onions [&hellip;]<\/p>\n","protected":false},"author":1,"featured_media":0,"parent":419,"menu_order":0,"comment_status":"closed","ping_status":"closed","template":"elementor_header_footer","meta":{"_seopress_robots_primary_cat":"","_seopress_titles_title":"Burgers","_seopress_titles_desc":"D\u00e9couvrez nos burgers savoureux. De la viande juteuse, des garnitures fra\u00eeches et des pains moelleux, chaque bouch\u00e9e est un r\u00e9gal. Satisfaites votre app\u00e9tit avec notre s\u00e9lection d\u00e9licieuse. Bon app\u00e9tit !","_seopress_robots_index":"","inline_featured_image":false,"footnotes":""},"class_list":["post-465","page","type-page","status-publish","hentry"],"_links":{"self":[{"href":"https:\/\/mccarthysirishpub.ch\/bern\/wp-json\/wp\/v2\/pages\/465","targetHints":{"allow":["GET"]}}],"collection":[{"href":"https:\/\/mccarthysirishpub.ch\/bern\/wp-json\/wp\/v2\/pages"}],"about":[{"href":"https:\/\/mccarthysirishpub.ch\/bern\/wp-json\/wp\/v2\/types\/page"}],"author":[{"embeddable":true,"href":"https:\/\/mccarthysirishpub.ch\/bern\/wp-json\/wp\/v2\/users\/1"}],"replies":[{"embeddable":true,"href":"https:\/\/mccarthysirishpub.ch\/bern\/wp-json\/wp\/v2\/comments?post=465"}],"version-history":[{"count":12,"href":"https:\/\/mccarthysirishpub.ch\/bern\/wp-json\/wp\/v2\/pages\/465\/revisions"}],"predecessor-version":[{"id":3466,"href":"https:\/\/mccarthysirishpub.ch\/bern\/wp-json\/wp\/v2\/pages\/465\/revisions\/3466"}],"up":[{"embeddable":true,"href":"https:\/\/mccarthysirishpub.ch\/bern\/wp-json\/wp\/v2\/pages\/419"}],"wp:attachment":[{"href":"https:\/\/mccarthysirishpub.ch\/bern\/wp-json\/wp\/v2\/media?parent=465"}],"curies":[{"name":"wp","href":"https:\/\/api.w.org\/{rel}","templated":true}]}}